{"id":4937,"date":"2024-09-02T15:49:12","date_gmt":"2024-09-02T20:49:12","guid":{"rendered":"https:\/\/cnidelacosta.co\/?page_id=4937"},"modified":"2024-09-03T10:39:49","modified_gmt":"2024-09-03T15:39:49","slug":"telemedicina","status":"publish","type":"page","link":"https:\/\/cnidelacosta.co\/index.php\/telemedicina\/","title":{"rendered":"Telemedicina"},"content":{"rendered":"\t\t<div data-elementor-type=\"wp-page\" data-elementor-id=\"4937\" class=\"elementor elementor-4937\" data-elementor-post-type=\"page\">\n\t\t\t\t\t\t<section class=\"elementor-section elementor-top-section elementor-element elementor-element-bf25146 elementor-section-boxed elementor-section-height-default elementor-section-height-default\" data-id=\"bf25146\" data-element_type=\"section\" data-settings=\"{&quot;background_background&quot;:&quot;classic&quot;}\">\n\t\t\t\t\t\t<div class=\"elementor-container elementor-column-gap-no\">\n\t\t\t\t\t<div class=\"elementor-column elementor-col-100 elementor-top-column elementor-element elementor-element-a8e51e4\" data-id=\"a8e51e4\" data-element_type=\"column\">\n\t\t\t<div class=\"elementor-widget-wrap elementor-element-populated\">\n\t\t\t\t\t\t<div class=\"elementor-element elementor-element-09de289 elementor-widget elementor-widget-kiddinoservicebox\" data-id=\"09de289\" data-element_type=\"widget\" data-widget_type=\"kiddinoservicebox.default\">\n\t\t\t\t<div class=\"elementor-widget-container\">\n\t\t\t\t\t\t\t\t<div class=\"row gx-80 gy-30 pt-lg-2\">\r\n\t\t\t\t<svg class=\"svg-hidden\">\r\n\t\t\t\t\t<clipPath id=\"service-clip1\" clipPathUnits=\"objectBoundingBox\">\r\n\t\t\t\t\t\t<path d=\"M0.379,0.037 C0.459,-0.006,0.558,-0.006,0.638,0.037 L0.879,0.167 C0.959,0.21,1,0.289,1,0.375 V0.635 C1,0.721,0.959,0.8,0.879,0.843 L0.638,0.973 C0.558,1,0.459,1,0.379,0.973 L0.138,0.843 C0.058,0.8,0.008,0.721,0.008,0.635 V0.375 C0.008,0.289,0.058,0.21,0.138,0.167 L0.379,0.037\"><\/path>\r\n\t\t\t\t\t<\/clipPath>\r\n\t\t\t\t<\/svg>\r\n\t\t\t\t\t\t\t\t\t<div class=\"col-md-6 col-lg-4\">\r\n\t\t\t\t\t\t<div class=\"service-style2\">\r\n\t\t\t\t\t\t\t\t\t\t\t\t\t\t\t<div class=\"service-icon\">\r\n\t\t\t\t\t\t\t\t\t<div class=\"service-shape1\"><\/div>\r\n\t\t\t\t\t\t\t\t\t<div class=\"service-shape2\"><\/div>\r\n\t\t\t\t\t\t\t\t\t<div class=\"service-shape3\"><\/div>\r\n\t\t\t\t\t\t\t\t\t<img decoding=\"async\" src=\"https:\/\/cnidelacosta.co\/wp-content\/uploads\/2024\/09\/summary-check_16542664.svg\" alt=\"icon\"  \/>\t\t\t\t\t\t\t\t<\/div>\r\n\t\t\t\t\t\t\t\t\t\t\t\t\t\t<div class=\"service-content\">\r\n\t\t\t\t\t\t\t\t\t\t\t\t\t\t\t\t\t<h3 class=\"service-title\">\r\n\t\t\t\t\t\t\t\t\t\t<a class=\"text-inherit\" href=\"http:\/\/wa.me\/573014970967\">\r\n\t\t\t\t\t\t\t\t\t\t\tCitas M\u00e9dicas\t\t\t\t\t\t\t\t\t\t<\/a>\r\n\t\t\t\t\t\t\t\t\t<\/h3>\r\n\t\t\t\t\t\t\t\t\t\t\t\t\t\t\t\t\t\t\t\t\t\t\t\t\t<p class=\"service-text\">\r\n\t\t\t\t\t\t\t\t\t\tGesti\u00f3n eficiente de horarios para consultas m\u00e9dicas presenciales y virtuales.\t\t\t\t\t\t\t\t\t<\/p>\r\n\t\t\t\t\t\t\t\t\t\t\t\t\t\t\t<\/div>\r\n\t\t\t\t\t\t<\/div>\r\n\t\t\t\t\t<\/div>\r\n\t\t\t\t\t\t\t\t\t<div class=\"col-md-6 col-lg-4\">\r\n\t\t\t\t\t\t<div class=\"service-style2\">\r\n\t\t\t\t\t\t\t\t\t\t\t\t\t\t\t<div class=\"service-icon\">\r\n\t\t\t\t\t\t\t\t\t<div class=\"service-shape1\"><\/div>\r\n\t\t\t\t\t\t\t\t\t<div class=\"service-shape2\"><\/div>\r\n\t\t\t\t\t\t\t\t\t<div class=\"service-shape3\"><\/div>\r\n\t\t\t\t\t\t\t\t\t<img decoding=\"async\" src=\"https:\/\/cnidelacosta.co\/wp-content\/uploads\/2024\/09\/picpeople_9291886.svg\" alt=\"icon\"  \/>\t\t\t\t\t\t\t\t<\/div>\r\n\t\t\t\t\t\t\t\t\t\t\t\t\t\t<div class=\"service-content\">\r\n\t\t\t\t\t\t\t\t\t\t\t\t\t\t\t\t\t<h3 class=\"service-title\">\r\n\t\t\t\t\t\t\t\t\t\t<a class=\"text-inherit\" href=\"http:\/\/wa.me\/573014970967\">\r\n\t\t\t\t\t\t\t\t\t\t\tTelemedicina\t\t\t\t\t\t\t\t\t\t<\/a>\r\n\t\t\t\t\t\t\t\t\t<\/h3>\r\n\t\t\t\t\t\t\t\t\t\t\t\t\t\t\t\t\t\t\t\t\t\t\t\t\t<p class=\"service-text\">\r\n\t\t\t\t\t\t\t\t\t\tAtenci\u00f3n m\u00e9dica a distancia mediante videollamadas y plataformas digitales.\t\t\t\t\t\t\t\t\t<\/p>\r\n\t\t\t\t\t\t\t\t\t\t\t\t\t\t\t<\/div>\r\n\t\t\t\t\t\t<\/div>\r\n\t\t\t\t\t<\/div>\r\n\t\t\t\t\t\t\t\t\t<div class=\"col-md-6 col-lg-4\">\r\n\t\t\t\t\t\t<div class=\"service-style2\">\r\n\t\t\t\t\t\t\t\t\t\t\t\t\t\t\t<div class=\"service-icon\">\r\n\t\t\t\t\t\t\t\t\t<div class=\"service-shape1\"><\/div>\r\n\t\t\t\t\t\t\t\t\t<div class=\"service-shape2\"><\/div>\r\n\t\t\t\t\t\t\t\t\t<div class=\"service-shape3\"><\/div>\r\n\t\t\t\t\t\t\t\t\t<img decoding=\"async\" src=\"https:\/\/cnidelacosta.co\/wp-content\/uploads\/2024\/09\/refund-alt_13794384.svg\" alt=\"icon\"  \/>\t\t\t\t\t\t\t\t<\/div>\r\n\t\t\t\t\t\t\t\t\t\t\t\t\t\t<div class=\"service-content\">\r\n\t\t\t\t\t\t\t\t\t\t\t\t\t\t\t\t\t<h3 class=\"service-title\">\r\n\t\t\t\t\t\t\t\t\t\t<a class=\"text-inherit\" href=\"http:\/\/wa.me\/573014970967\">\r\n\t\t\t\t\t\t\t\t\t\t\tPago Virtual\t\t\t\t\t\t\t\t\t\t<\/a>\r\n\t\t\t\t\t\t\t\t\t<\/h3>\r\n\t\t\t\t\t\t\t\t\t\t\t\t\t\t\t\t\t\t\t\t\t\t\t\t\t<p class=\"service-text\">\r\n\t\t\t\t\t\t\t\t\t\tTransacciones seguras y r\u00e1pidas para servicios m\u00e9dicos a trav\u00e9s de plataformas en l\u00ednea.\t\t\t\t\t\t\t\t\t<\/p>\r\n\t\t\t\t\t\t\t\t\t\t\t\t\t\t\t<\/div>\r\n\t\t\t\t\t\t<\/div>\r\n\t\t\t\t\t<\/div>\r\n\t\t\t\t\t\t\t<\/div>\r\n\t\t\t\t\t\t<\/div>\n\t\t\t\t<\/div>\n\t\t\t\t\t<\/div>\n\t\t<\/div>\n\t\t\t\t\t<\/div>\n\t\t<\/section>\n\t\t\t\t<\/div>\n\t\t","protected":false},"excerpt":{"rendered":"<p>Citas M\u00e9dicas Gesti\u00f3n eficiente de horarios para consultas m\u00e9dicas presenciales y virtuales. Telemedicina Atenci\u00f3n m\u00e9dica a distancia mediante videollamadas y plataformas digitales. Pago Virtual Transacciones seguras y r\u00e1pidas para servicios m\u00e9dicos a trav\u00e9s de plataformas en l\u00ednea.<\/p>\n","protected":false},"author":1,"featured_media":0,"parent":0,"menu_order":0,"comment_status":"closed","ping_status":"closed","template":"elementor_header_footer","meta":{"om_disable_all_campaigns":false,"_monsterinsights_skip_tracking":false,"_monsterinsights_sitenote_active":false,"_monsterinsights_sitenote_note":"","_monsterinsights_sitenote_category":0,"footnotes":""},"class_list":["post-4937","page","type-page","status-publish","hentry"],"aioseo_notices":[],"_links":{"self":[{"href":"https:\/\/cnidelacosta.co\/index.php\/wp-json\/wp\/v2\/pages\/4937","targetHints":{"allow":["GET"]}}],"collection":[{"href":"https:\/\/cnidelacosta.co\/index.php\/wp-json\/wp\/v2\/pages"}],"about":[{"href":"https:\/\/cnidelacosta.co\/index.php\/wp-json\/wp\/v2\/types\/page"}],"author":[{"embeddable":true,"href":"https:\/\/cnidelacosta.co\/index.php\/wp-json\/wp\/v2\/users\/1"}],"replies":[{"embeddable":true,"href":"https:\/\/cnidelacosta.co\/index.php\/wp-json\/wp\/v2\/comments?post=4937"}],"version-history":[{"count":10,"href":"https:\/\/cnidelacosta.co\/index.php\/wp-json\/wp\/v2\/pages\/4937\/revisions"}],"predecessor-version":[{"id":4952,"href":"https:\/\/cnidelacosta.co\/index.php\/wp-json\/wp\/v2\/pages\/4937\/revisions\/4952"}],"wp:attachment":[{"href":"https:\/\/cnidelacosta.co\/index.php\/wp-json\/wp\/v2\/media?parent=4937"}],"curies":[{"name":"wp","href":"https:\/\/api.w.org\/{rel}","templated":true}]}}