{"id":4541,"date":"2023-08-09T11:31:46","date_gmt":"2023-08-09T09:31:46","guid":{"rendered":"https:\/\/wordpress.vecurosoft.com\/kiddino\/?page_id=15"},"modified":"2026-04-04T14:50:37","modified_gmt":"2026-04-04T19:50:37","slug":"about","status":"publish","type":"page","link":"https:\/\/cnidelacosta.co\/index.php\/about\/","title":{"rendered":"Sobre Nosotros"},"content":{"rendered":"\t\t<div data-elementor-type=\"wp-page\" data-elementor-id=\"4541\" class=\"elementor elementor-4541\" data-elementor-post-type=\"page\">\n\t\t\t\t<div class=\"elementor-element elementor-element-62a39b1 e-flex e-con-boxed e-con e-parent\" data-id=\"62a39b1\" data-element_type=\"container\">\n\t\t\t\t\t<div class=\"e-con-inner\">\n\t\t\t\t<div class=\"elementor-element elementor-element-e3fcd46 elementor-widget elementor-widget-kiddinosectiontitle\" data-id=\"e3fcd46\" data-element_type=\"widget\" data-widget_type=\"kiddinosectiontitle.default\">\n\t\t\t\t<div class=\"elementor-widget-container\">\n\t\t\t\t\t<!-- Section Title --><div class=\"title-area\" ><h2 class=\"sec-title title-selector\">\u00bfQUIENES SOMOS?\n<\/h2><p class=\"sec-text\">Somos un centro especializado en la atenci\u00f3n de la poblaci\u00f3n infantil para la promoci\u00f3n, prevenci\u00f3n, diagn\u00f3stico y tratamiento de las principales patolog\u00edas neurol\u00f3gicas que afectan a ni\u00f1os y ni\u00f1as, a trav\u00e9s de la intervenci\u00f3n de un equipo interdisciplinario altamente calificado, liderando programas con el objetivo de optimizar el neurodesarrollo y promoviendo la inclusi\u00f3n social.\n<\/p><\/div><!-- End Section Title -->\t\t\t\t<\/div>\n\t\t\t\t<\/div>\n\t\t\t\t\t<\/div>\n\t\t\t\t<\/div>\n\t\t\t\t<section class=\"elementor-section elementor-inner-section elementor-element elementor-element-63feba8 elementor-section-content-middle elementor-reverse-tablet elementor-reverse-mobile elementor-section-boxed elementor-section-height-default elementor-section-height-default\" data-id=\"63feba8\" data-element_type=\"section\">\n\t\t\t\t\t\t<div class=\"elementor-container elementor-column-gap-no\">\n\t\t\t\t\t<div class=\"elementor-column elementor-col-50 elementor-inner-column elementor-element elementor-element-66dbaa3\" data-id=\"66dbaa3\" data-element_type=\"column\">\n\t\t\t<div class=\"elementor-widget-wrap elementor-element-populated\">\n\t\t\t\t\t\t<div class=\"elementor-element elementor-element-f2d9990 elementor-widget elementor-widget-kiddinosectiontitle\" data-id=\"f2d9990\" data-element_type=\"widget\" data-widget_type=\"kiddinosectiontitle.default\">\n\t\t\t\t<div class=\"elementor-widget-container\">\n\t\t\t\t\t<!-- Section Title --><div class=\"title-area\" ><h2 class=\"sec-title title-selector\">Misi\u00f3n\n<\/h2><p class=\"sec-text\">Ofrecer atenci\u00f3n integral especializada para la promoci\u00f3n, prevenci\u00f3n, diagn\u00f3stico, tratamiento y rehabilitaci\u00f3n de las principales patolog\u00edas neurol\u00f3gicas que afectan la poblaci\u00f3n infantil .<\/p><\/div><!-- End Section Title -->\t\t\t\t<\/div>\n\t\t\t\t<\/div>\n\t\t\t\t<div class=\"elementor-element elementor-element-92ac81d elementor-widget elementor-widget-kiddinosectiontitle\" data-id=\"92ac81d\" data-element_type=\"widget\" data-widget_type=\"kiddinosectiontitle.default\">\n\t\t\t\t<div class=\"elementor-widget-container\">\n\t\t\t\t\t<!-- Section Title --><div class=\"title-area\" ><h2 class=\"sec-title title-selector\">Visi\u00f3n\n<\/h2><p class=\"sec-text\">Seremos un referente importante en el sector salud y la Instituci\u00f3n preferida de nuestros usuarios, gracias a la alta calidad de nuestra atenci\u00f3n, a la vivencia de los resultados obtenidos producto del empe\u00f1o, la constancia y el amor depositado en cada proceso, desde su fase diagn\u00f3stica hasta su rehabilitaci\u00f3n e inclusi\u00f3n social.<\/p><\/div><!-- End Section Title -->\t\t\t\t<\/div>\n\t\t\t\t<\/div>\n\t\t\t\t\t<\/div>\n\t\t<\/div>\n\t\t\t\t<div class=\"elementor-column elementor-col-50 elementor-inner-column elementor-element elementor-element-34cbd97\" data-id=\"34cbd97\" data-element_type=\"column\">\n\t\t\t<div class=\"elementor-widget-wrap elementor-element-populated\">\n\t\t\t\t\t\t<div class=\"elementor-element elementor-element-03f39f4 elementor-widget elementor-widget-kiddinoimagebox\" data-id=\"03f39f4\" data-element_type=\"widget\" data-widget_type=\"kiddinoimagebox.default\">\n\t\t\t\t<div class=\"elementor-widget-container\">\n\t\t\t\t\t\t\t<div class=\"img-box2 imagebox-wraper \">\r\n\t\t\t    <div class=\"transform-banner\">\n        <img decoding=\"async\" src=\"https:\/\/cnidelacosta.co\/wp-content\/uploads\/2026\/04\/gfrtc-scaled.jpg\" alt=\"about\"  \/>    <\/div>\n<div class=\"vs-circle jump\"><\/div>\t\t<\/div>\r\n\t\t\t\t\t<\/div>\n\t\t\t\t<\/div>\n\t\t\t\t\t<\/div>\n\t\t<\/div>\n\t\t\t\t\t<\/div>\n\t\t<\/section>\n\t\t\t\t<section class=\"elementor-section elementor-top-section elementor-element elementor-element-a377ef5 elementor-section-full_width elementor-section-height-default elementor-section-height-default\" data-id=\"a377ef5\" data-element_type=\"section\" data-settings=\"{&quot;background_background&quot;:&quot;classic&quot;}\">\n\t\t\t\t\t\t<div class=\"elementor-container elementor-column-gap-no\">\n\t\t\t\t\t<div class=\"elementor-column elementor-col-100 elementor-top-column elementor-element elementor-element-5eeb105\" data-id=\"5eeb105\" data-element_type=\"column\">\n\t\t\t<div class=\"elementor-widget-wrap elementor-element-populated\">\n\t\t\t\t\t\t<section class=\"elementor-section elementor-inner-section elementor-element elementor-element-ff98f68 elementor-section-boxed elementor-section-height-default elementor-section-height-default\" data-id=\"ff98f68\" data-element_type=\"section\">\n\t\t\t\t\t\t<div class=\"elementor-container elementor-column-gap-no\">\n\t\t\t\t\t<div class=\"elementor-column elementor-col-25 elementor-inner-column elementor-element elementor-element-6129f5c\" data-id=\"6129f5c\" data-element_type=\"column\">\n\t\t\t<div class=\"elementor-widget-wrap elementor-element-populated\">\n\t\t\t\t\t\t<div class=\"elementor-element elementor-element-7bf003c elementor-widget elementor-widget-kiddinofeaturebox\" data-id=\"7bf003c\" data-element_type=\"widget\" data-widget_type=\"kiddinofeaturebox.default\">\n\t\t\t\t<div class=\"elementor-widget-container\">\n\t\t\t\t\t\n        <div class=\"feature-style2\">\n\t\t\t    <div class=\"feature-img\">\n        <div class=\"vs-circle\"><\/div>\n        <img decoding=\"async\" src=\"https:\/\/cnidelacosta.co\/wp-content\/uploads\/2024\/08\/nino-dibujos-animados-feliz-pie-e1726765217375.png\" alt=\"icon\"  \/>    <\/div>\n        <\/div>\n\t\t\t\t\t<\/div>\n\t\t\t\t<\/div>\n\t\t\t\t\t<\/div>\n\t\t<\/div>\n\t\t\t\t<div class=\"elementor-column elementor-col-25 elementor-inner-column elementor-element elementor-element-c4ee07b\" data-id=\"c4ee07b\" data-element_type=\"column\">\n\t\t\t<div class=\"elementor-widget-wrap elementor-element-populated\">\n\t\t\t\t\t\t<div class=\"elementor-element elementor-element-b83dda0 elementor-widget elementor-widget-kiddinofeaturebox\" data-id=\"b83dda0\" data-element_type=\"widget\" data-widget_type=\"kiddinofeaturebox.default\">\n\t\t\t\t<div class=\"elementor-widget-container\">\n\t\t\t\t\t\n        <div class=\"feature-style2\">\n\t\t\t    <div class=\"feature-img\">\n        <div class=\"vs-circle\"><\/div>\n        <img decoding=\"async\" src=\"https:\/\/cnidelacosta.co\/wp-content\/uploads\/2024\/08\/lindo-nino-sonriente-feliz-aislado-sobre-fondo-blanco-1-e1726765085925.png\" alt=\"icon\"  \/>    <\/div>\n        <\/div>\n\t\t\t\t\t<\/div>\n\t\t\t\t<\/div>\n\t\t\t\t\t<\/div>\n\t\t<\/div>\n\t\t\t\t<div class=\"elementor-column elementor-col-25 elementor-inner-column elementor-element elementor-element-1f80d8c\" data-id=\"1f80d8c\" data-element_type=\"column\">\n\t\t\t<div class=\"elementor-widget-wrap elementor-element-populated\">\n\t\t\t\t\t\t<div class=\"elementor-element elementor-element-ecdcb49 elementor-widget elementor-widget-kiddinofeaturebox\" data-id=\"ecdcb49\" data-element_type=\"widget\" data-widget_type=\"kiddinofeaturebox.default\">\n\t\t\t\t<div class=\"elementor-widget-container\">\n\t\t\t\t\t\n        <div class=\"feature-style2\">\n\t\t\t    <div class=\"feature-img\">\n        <div class=\"vs-circle\"><\/div>\n        <img decoding=\"async\" src=\"https:\/\/cnidelacosta.co\/wp-content\/uploads\/2024\/08\/lindo-nino-sonriente-feliz-aislado-blanco-1-e1726764938212.png\" alt=\"icon\"  \/>    <\/div>\n        <\/div>\n\t\t\t\t\t<\/div>\n\t\t\t\t<\/div>\n\t\t\t\t\t<\/div>\n\t\t<\/div>\n\t\t\t\t<div class=\"elementor-column elementor-col-25 elementor-inner-column elementor-element elementor-element-dfbddd2\" data-id=\"dfbddd2\" data-element_type=\"column\">\n\t\t\t<div class=\"elementor-widget-wrap elementor-element-populated\">\n\t\t\t\t\t\t<div class=\"elementor-element elementor-element-5398d03 elementor-widget elementor-widget-kiddinofeaturebox\" data-id=\"5398d03\" data-element_type=\"widget\" data-widget_type=\"kiddinofeaturebox.default\">\n\t\t\t\t<div class=\"elementor-widget-container\">\n\t\t\t\t\t\n        <div class=\"feature-style2\">\n\t\t\t    <div class=\"feature-img\">\n        <div class=\"vs-circle\"><\/div>\n        <img decoding=\"async\" src=\"https:\/\/cnidelacosta.co\/wp-content\/uploads\/2024\/08\/lindo-nino-sonriente-feliz-aislado-sobre-fondo-blanco-e1726765150757.png\" alt=\"icon\"  \/>    <\/div>\n        <\/div>\n\t\t\t\t\t<\/div>\n\t\t\t\t<\/div>\n\t\t\t\t\t<\/div>\n\t\t<\/div>\n\t\t\t\t\t<\/div>\n\t\t<\/section>\n\t\t\t\t\t<\/div>\n\t\t<\/div>\n\t\t\t\t\t<\/div>\n\t\t<\/section>\n\t\t\t\t<\/div>\n\t\t","protected":false},"excerpt":{"rendered":"<p>\u00bfQUIENES SOMOS? Somos un centro especializado en la atenci\u00f3n de la poblaci\u00f3n infantil para la promoci\u00f3n, prevenci\u00f3n, diagn\u00f3stico y tratamiento de las principales patolog\u00edas neurol\u00f3gicas que afectan a ni\u00f1os y ni\u00f1as, a trav\u00e9s de la intervenci\u00f3n de un equipo interdisciplinario altamente calificado, liderando programas con el objetivo de optimizar el neurodesarrollo y promoviendo la inclusi\u00f3n&#8230;<\/p>\n","protected":false},"author":1,"featured_media":0,"parent":0,"menu_order":0,"comment_status":"closed","ping_status":"closed","template":"elementor_header_footer","meta":{"om_disable_all_campaigns":false,"_monsterinsights_skip_tracking":false,"_monsterinsights_sitenote_active":false,"_monsterinsights_sitenote_note":"","_monsterinsights_sitenote_category":0,"footnotes":""},"class_list":["post-4541","page","type-page","status-publish","hentry"],"aioseo_notices":[],"_links":{"self":[{"href":"https:\/\/cnidelacosta.co\/index.php\/wp-json\/wp\/v2\/pages\/4541","targetHints":{"allow":["GET"]}}],"collection":[{"href":"https:\/\/cnidelacosta.co\/index.php\/wp-json\/wp\/v2\/pages"}],"about":[{"href":"https:\/\/cnidelacosta.co\/index.php\/wp-json\/wp\/v2\/types\/page"}],"author":[{"embeddable":true,"href":"https:\/\/cnidelacosta.co\/index.php\/wp-json\/wp\/v2\/users\/1"}],"replies":[{"embeddable":true,"href":"https:\/\/cnidelacosta.co\/index.php\/wp-json\/wp\/v2\/comments?post=4541"}],"version-history":[{"count":20,"href":"https:\/\/cnidelacosta.co\/index.php\/wp-json\/wp\/v2\/pages\/4541\/revisions"}],"predecessor-version":[{"id":5027,"href":"https:\/\/cnidelacosta.co\/index.php\/wp-json\/wp\/v2\/pages\/4541\/revisions\/5027"}],"wp:attachment":[{"href":"https:\/\/cnidelacosta.co\/index.php\/wp-json\/wp\/v2\/media?parent=4541"}],"curies":[{"name":"wp","href":"https:\/\/api.w.org\/{rel}","templated":true}]}}