{"id":2870,"date":"2023-09-04T11:46:45","date_gmt":"2023-09-04T09:46:45","guid":{"rendered":"https:\/\/wordpress.vecurosoft.com\/kiddino\/?page_id=2870"},"modified":"2024-09-29T09:37:54","modified_gmt":"2024-09-29T14:37:54","slug":"service","status":"publish","type":"page","link":"https:\/\/cnidelacosta.co\/index.php\/service\/","title":{"rendered":"Servicios"},"content":{"rendered":"\t\t<div data-elementor-type=\"wp-page\" data-elementor-id=\"2870\" class=\"elementor elementor-2870\" data-elementor-post-type=\"page\">\n\t\t\t\t\t\t<section class=\"elementor-section elementor-top-section elementor-element elementor-element-84007ec elementor-section-full_width elementor-section-height-default elementor-section-height-default\" data-id=\"84007ec\" data-element_type=\"section\">\n\t\t\t\t\t\t<div class=\"elementor-container elementor-column-gap-no\">\n\t\t\t\t\t<div class=\"elementor-column elementor-col-100 elementor-top-column elementor-element elementor-element-45ccf60\" data-id=\"45ccf60\" data-element_type=\"column\">\n\t\t\t<div class=\"elementor-widget-wrap elementor-element-populated\">\n\t\t\t\t\t\t<section class=\"elementor-section elementor-inner-section elementor-element elementor-element-79c01a1 elementor-section-boxed elementor-section-height-default elementor-section-height-default\" data-id=\"79c01a1\" data-element_type=\"section\">\n\t\t\t\t\t\t<div class=\"elementor-container elementor-column-gap-no\">\n\t\t\t\t\t<div class=\"elementor-column elementor-col-100 elementor-inner-column elementor-element elementor-element-d86d50b\" data-id=\"d86d50b\" data-element_type=\"column\">\n\t\t\t<div class=\"elementor-widget-wrap elementor-element-populated\">\n\t\t\t\t\t\t<div class=\"elementor-element elementor-element-35d50d2 elementor-widget elementor-widget-kiddinosectiontitle\" data-id=\"35d50d2\" data-element_type=\"widget\" data-widget_type=\"kiddinosectiontitle.default\">\n\t\t\t\t<div class=\"elementor-widget-container\">\n\t\t\t\t\t<!-- Section Title --><div class=\"title-area\" ><div class=\"sec-bubble\"><div class=\"bubble\"><\/div><div class=\"bubble\"><\/div><div class=\"bubble\"><\/div><\/div><h2 class=\"sec-title title-selector\">Servicios<\/h2><\/div><!-- End Section Title -->\t\t\t\t<\/div>\n\t\t\t\t<\/div>\n\t\t\t\t\t<\/div>\n\t\t<\/div>\n\t\t\t\t\t<\/div>\n\t\t<\/section>\n\t\t\t\t\t<\/div>\n\t\t<\/div>\n\t\t\t\t\t<\/div>\n\t\t<\/section>\n\t\t<div class=\"elementor-element elementor-element-3a3daea e-flex e-con-boxed e-con e-parent\" data-id=\"3a3daea\" data-element_type=\"container\">\n\t\t\t\t\t<div class=\"e-con-inner\">\n\t\t<div class=\"elementor-element elementor-element-b30e140 e-con-full e-flex e-con e-child\" data-id=\"b30e140\" data-element_type=\"container\">\n\t\t<div class=\"elementor-element elementor-element-b98c810 e-flex e-con-boxed e-con e-child\" data-id=\"b98c810\" data-element_type=\"container\">\n\t\t\t\t\t<div class=\"e-con-inner\">\n\t\t<div class=\"elementor-element elementor-element-b82b716 e-flex e-con-boxed e-con e-child\" data-id=\"b82b716\" data-element_type=\"container\">\n\t\t\t\t\t<div class=\"e-con-inner\">\n\t\t\t\t<div class=\"elementor-element elementor-element-41b5a48 elementor-widget elementor-widget-kiddinoserviceslider\" data-id=\"41b5a48\" data-element_type=\"widget\" data-widget_type=\"kiddinoserviceslider.default\">\n\t\t\t\t<div class=\"elementor-widget-container\">\n\t\t\t\t\t\t\t<div class=\"row service-carousel\" data-slick-arrows=\"false\" data-slick-autoplay=\"false\" data-slide-to-show=\"4\" data-slick-dots=\"false\" >\r\n\t\t\t\t\t\t\t<div class=\"service-style1 col-xl-3\">\r\n\t\t\t\t\t<div class=\"service-body\">\r\n\t\t\t\t\t\t\t\t\t\t\t\t\t<div class=\"service-img\">\r\n\t\t\t\t\t\t\t\t<a href=\"#\">\r\n\t\t\t\t\t\t\t\t\t<img decoding=\"async\" src=\"https:\/\/cnidelacosta.co\/wp-content\/uploads\/2024\/08\/36532-O0RSCI.jpg\" alt=\"service\"  \/>\t\t\t\t\t\t\t\t<\/a>\r\n\t\t\t\t\t\t\t<\/div>\r\n\t\t\t\t\t\t\t\t\t\t\t\t<div class=\"service-content service-custom0\">\r\n\t\t\t\t\t\t\t\t\t\t\t\t\t\t\t<div class=\"service-icon\">\r\n\t\t\t\t\t\t\t\t\t<img decoding=\"async\" src=\"https:\/\/wordpress.vecurosoft.com\/kiddino\/wp-content\/uploads\/2023\/08\/sr-1-1.svg\" alt=\"service\"  \/>\t\t\t\t\t\t\t\t<\/div>\r\n\t\t\t\t\t\t\t\r\n\t\t\t\t\t\t\t\t\t\t\t\t\t\t\t<h3 class=\"service-title\">\r\n\t\t\t\t\t\t\t\t\t<a href=\"#\">\r\n\t\t\t\t\t\t\t\t\t\tNeurolog\u00eda Infantil\t\t\t\t\t\t\t\t\t<\/a>\r\n\t\t\t\t\t\t\t\t<\/h3>\r\n\t\t\t\t\t\t\t\r\n\t\t\t\t\t\t\t\t\t\t\t\t\t\t\t<p class=\"service-text\">\r\n\t\t\t\t\t\t\t\t\tSe encarga de diagnosticar y tratar los problemas relacionados con el sistema nervioso desde el nacimiento hasta la adolescencia.\t\t\t\t\t\t\t\t<\/p>\r\n\t\t\t\t\t\t\t\t\t\t\t\t\t\t\r\n\t\t\t\t\t\t\t\t\t\t\t\t\t<\/div>\r\n\t\t\t\t\t<\/div>\r\n\t\t\t\t<\/div>\r\n\t\t\t\t\t\t\t\t<div class=\"service-style1 col-xl-3\">\r\n\t\t\t\t\t<div class=\"service-body\">\r\n\t\t\t\t\t\t\t\t\t\t\t\t\t<div class=\"service-img\">\r\n\t\t\t\t\t\t\t\t<a href=\"#\">\r\n\t\t\t\t\t\t\t\t\t<img decoding=\"async\" src=\"https:\/\/cnidelacosta.co\/wp-content\/uploads\/2024\/08\/36532-O0RSCI.jpg\" alt=\"service\"  \/>\t\t\t\t\t\t\t\t<\/a>\r\n\t\t\t\t\t\t\t<\/div>\r\n\t\t\t\t\t\t\t\t\t\t\t\t<div class=\"service-content service-custom1\">\r\n\t\t\t\t\t\t\t\t\t\t\t\t\t\t\t<div class=\"service-icon\">\r\n\t\t\t\t\t\t\t\t\t<img decoding=\"async\" src=\"https:\/\/wordpress.vecurosoft.com\/kiddino\/wp-content\/uploads\/2023\/08\/sr-1-2.svg\" alt=\"service\"  \/>\t\t\t\t\t\t\t\t<\/div>\r\n\t\t\t\t\t\t\t\r\n\t\t\t\t\t\t\t\t\t\t\t\t\t\t\t<h3 class=\"service-title\">\r\n\t\t\t\t\t\t\t\t\t<a href=\"#\">\r\n\t\t\t\t\t\t\t\t\t\tNeuropsicologia\t\t\t\t\t\t\t\t\t<\/a>\r\n\t\t\t\t\t\t\t\t<\/h3>\r\n\t\t\t\t\t\t\t\r\n\t\t\t\t\t\t\t\t\t\t\t\t\t\t\t<p class=\"service-text\">\r\n\t\t\t\t\t\t\t\t\t Estudia la relaci\u00f3n entre las estructuras cerebrales, las funciones cognitivas y los procesos emocionales y de la conducta.\t\t\t\t\t\t\t\t<\/p>\r\n\t\t\t\t\t\t\t\t\t\t\t\t\t\t\r\n\t\t\t\t\t\t\t\t\t\t\t\t\t<\/div>\r\n\t\t\t\t\t<\/div>\r\n\t\t\t\t<\/div>\r\n\t\t\t\t\t\t\t\t<div class=\"service-style1 col-xl-3\">\r\n\t\t\t\t\t<div class=\"service-body\">\r\n\t\t\t\t\t\t\t\t\t\t\t\t\t<div class=\"service-img\">\r\n\t\t\t\t\t\t\t\t<a href=\"#\">\r\n\t\t\t\t\t\t\t\t\t<img decoding=\"async\" src=\"https:\/\/cnidelacosta.co\/wp-content\/uploads\/2024\/08\/36532-O0RSCI.jpg\" alt=\"service\"  \/>\t\t\t\t\t\t\t\t<\/a>\r\n\t\t\t\t\t\t\t<\/div>\r\n\t\t\t\t\t\t\t\t\t\t\t\t<div class=\"service-content service-custom2\">\r\n\t\t\t\t\t\t\t\t\t\t\t\t\t\t\t<div class=\"service-icon\">\r\n\t\t\t\t\t\t\t\t\t<img decoding=\"async\" src=\"https:\/\/wordpress.vecurosoft.com\/kiddino\/wp-content\/uploads\/2023\/08\/sr-1-3.svg\" alt=\"service\"  \/>\t\t\t\t\t\t\t\t<\/div>\r\n\t\t\t\t\t\t\t\r\n\t\t\t\t\t\t\t\t\t\t\t\t\t\t\t<h3 class=\"service-title\">\r\n\t\t\t\t\t\t\t\t\t<a href=\"#\">\r\n\t\t\t\t\t\t\t\t\t\tPediatr\u00eda\t\t\t\t\t\t\t\t\t<\/a>\r\n\t\t\t\t\t\t\t\t<\/h3>\r\n\t\t\t\t\t\t\t\r\n\t\t\t\t\t\t\t\t\t\t\t\t\t\t\t<p class=\"service-text\">\r\n\t\t\t\t\t\t\t\t\t Estudia el crecimiento, desarrollo y salud integral de los ni\u00f1os  desde el nacimiento hasta la adolescencia.\t\t\t\t\t\t\t\t<\/p>\r\n\t\t\t\t\t\t\t\t\t\t\t\t\t\t\r\n\t\t\t\t\t\t\t\t\t\t\t\t\t<\/div>\r\n\t\t\t\t\t<\/div>\r\n\t\t\t\t<\/div>\r\n\t\t\t\t\t\t\t\t<div class=\"service-style1 col-xl-3\">\r\n\t\t\t\t\t<div class=\"service-body\">\r\n\t\t\t\t\t\t\t\t\t\t\t\t\t<div class=\"service-img\">\r\n\t\t\t\t\t\t\t\t<a href=\"#\">\r\n\t\t\t\t\t\t\t\t\t<img decoding=\"async\" src=\"https:\/\/cnidelacosta.co\/wp-content\/uploads\/2024\/08\/36532-O0RSCI.jpg\" alt=\"service\"  \/>\t\t\t\t\t\t\t\t<\/a>\r\n\t\t\t\t\t\t\t<\/div>\r\n\t\t\t\t\t\t\t\t\t\t\t\t<div class=\"service-content service-custom3\">\r\n\t\t\t\t\t\t\t\t\t\t\t\t\t\t\t<div class=\"service-icon\">\r\n\t\t\t\t\t\t\t\t\t<img decoding=\"async\" src=\"https:\/\/wordpress.vecurosoft.com\/kiddino\/wp-content\/uploads\/2023\/08\/sr-1-4.svg\" alt=\"service\"  \/>\t\t\t\t\t\t\t\t<\/div>\r\n\t\t\t\t\t\t\t\r\n\t\t\t\t\t\t\t\t\t\t\t\t\t\t\t<h3 class=\"service-title\">\r\n\t\t\t\t\t\t\t\t\t<a href=\"#\">\r\n\t\t\t\t\t\t\t\t\t\tNutrici\u00f3n\t\t\t\t\t\t\t\t\t<\/a>\r\n\t\t\t\t\t\t\t\t<\/h3>\r\n\t\t\t\t\t\t\t\r\n\t\t\t\t\t\t\t\t\t\t\t\t\t\t\t<p class=\"service-text\">\r\n\t\t\t\t\t\t\t\t\tDisciplina encargada de fomentar h\u00e1bitos de alimentaci\u00f3n saludable para los m\u00e1s peque\u00f1os y prevenir o tratar ciertas enfermedades relacionadas con la alimentaci\u00f3n\t\t\t\t\t\t\t\t<\/p>\r\n\t\t\t\t\t\t\t\t\t\t\t\t\t\t\r\n\t\t\t\t\t\t\t\t\t\t\t\t\t<\/div>\r\n\t\t\t\t\t<\/div>\r\n\t\t\t\t<\/div>\r\n\t\t\t\t\t\t\t<\/div>\r\n\t\t\t\t\t\t<\/div>\n\t\t\t\t<\/div>\n\t\t<div class=\"elementor-element elementor-element-e831a62 e-flex e-con-boxed e-con e-child\" data-id=\"e831a62\" data-element_type=\"container\">\n\t\t\t\t\t<div class=\"e-con-inner\">\n\t\t\t\t<div class=\"elementor-element elementor-element-0afdaf4 elementor-widget elementor-widget-kiddinoserviceslider\" data-id=\"0afdaf4\" data-element_type=\"widget\" data-widget_type=\"kiddinoserviceslider.default\">\n\t\t\t\t<div class=\"elementor-widget-container\">\n\t\t\t\t\t\t\t<div class=\"row service-carousel\" data-slick-arrows=\"false\" data-slick-autoplay=\"false\" data-slide-to-show=\"4\" data-slick-dots=\"false\" >\r\n\t\t\t\t\t\t\t<div class=\"service-style1 col-xl-3\">\r\n\t\t\t\t\t<div class=\"service-body\">\r\n\t\t\t\t\t\t\t\t\t\t\t\t\t<div class=\"service-img\">\r\n\t\t\t\t\t\t\t\t<a href=\"#\">\r\n\t\t\t\t\t\t\t\t\t<img decoding=\"async\" src=\"https:\/\/cnidelacosta.co\/wp-content\/uploads\/2024\/08\/36532-O0RSCI.jpg\" alt=\"service\"  \/>\t\t\t\t\t\t\t\t<\/a>\r\n\t\t\t\t\t\t\t<\/div>\r\n\t\t\t\t\t\t\t\t\t\t\t\t<div class=\"service-content service-custom0\">\r\n\t\t\t\t\t\t\t\t\t\t\t\t\t\t\t<div class=\"service-icon\">\r\n\t\t\t\t\t\t\t\t\t<img decoding=\"async\" src=\"https:\/\/wordpress.vecurosoft.com\/kiddino\/wp-content\/uploads\/2023\/08\/sr-1-1.svg\" alt=\"service\"  \/>\t\t\t\t\t\t\t\t<\/div>\r\n\t\t\t\t\t\t\t\r\n\t\t\t\t\t\t\t\t\t\t\t\t\t\t\t<h3 class=\"service-title\">\r\n\t\t\t\t\t\t\t\t\t<a href=\"#\">\r\n\t\t\t\t\t\t\t\t\t\tTerapia ocupacional\t\t\t\t\t\t\t\t\t<\/a>\r\n\t\t\t\t\t\t\t\t<\/h3>\r\n\t\t\t\t\t\t\t\r\n\t\t\t\t\t\t\t\t\t\t\t\t\t\t\t<p class=\"service-text\">\r\n\t\t\t\t\t\t\t\t\tAyuda a personas de todas las edades con problemas f\u00edsicos, sensoriales o cognitivos. \t\t\t\t\t\t\t\t<\/p>\r\n\t\t\t\t\t\t\t\t\t\t\t\t\t\t\r\n\t\t\t\t\t\t\t\t\t\t\t\t\t<\/div>\r\n\t\t\t\t\t<\/div>\r\n\t\t\t\t<\/div>\r\n\t\t\t\t\t\t\t\t<div class=\"service-style1 col-xl-3\">\r\n\t\t\t\t\t<div class=\"service-body\">\r\n\t\t\t\t\t\t\t\t\t\t\t\t\t<div class=\"service-img\">\r\n\t\t\t\t\t\t\t\t<a href=\"#\">\r\n\t\t\t\t\t\t\t\t\t<img decoding=\"async\" src=\"https:\/\/cnidelacosta.co\/wp-content\/uploads\/2024\/08\/36532-O0RSCI.jpg\" alt=\"service\"  \/>\t\t\t\t\t\t\t\t<\/a>\r\n\t\t\t\t\t\t\t<\/div>\r\n\t\t\t\t\t\t\t\t\t\t\t\t<div class=\"service-content service-custom1\">\r\n\t\t\t\t\t\t\t\t\t\t\t\t\t\t\t<div class=\"service-icon\">\r\n\t\t\t\t\t\t\t\t\t<img decoding=\"async\" src=\"https:\/\/wordpress.vecurosoft.com\/kiddino\/wp-content\/uploads\/2023\/08\/sr-1-2.svg\" alt=\"service\"  \/>\t\t\t\t\t\t\t\t<\/div>\r\n\t\t\t\t\t\t\t\r\n\t\t\t\t\t\t\t\t\t\t\t\t\t\t\t<h3 class=\"service-title\">\r\n\t\t\t\t\t\t\t\t\t<a href=\"#\">\r\n\t\t\t\t\t\t\t\t\t\tTerap\u00eda F\u00edsica\t\t\t\t\t\t\t\t\t<\/a>\r\n\t\t\t\t\t\t\t\t<\/h3>\r\n\t\t\t\t\t\t\t\r\n\t\t\t\t\t\t\t\t\t\t\t\t\t\t\t<p class=\"service-text\">\r\n\t\t\t\t\t\t\t\t\tSe realiza estimulaci\u00f3n del neurodesarrollo y  tratamiento a las afecciones f\u00edsicas de nuestro cuerpo a trav\u00e9s del ejercicio o diversas pr\u00e1cticas en esas \u00e1reas afectadas.\t\t\t\t\t\t\t\t<\/p>\r\n\t\t\t\t\t\t\t\t\t\t\t\t\t\t\r\n\t\t\t\t\t\t\t\t\t\t\t\t\t<\/div>\r\n\t\t\t\t\t<\/div>\r\n\t\t\t\t<\/div>\r\n\t\t\t\t\t\t\t\t<div class=\"service-style1 col-xl-3\">\r\n\t\t\t\t\t<div class=\"service-body\">\r\n\t\t\t\t\t\t\t\t\t\t\t\t\t<div class=\"service-img\">\r\n\t\t\t\t\t\t\t\t<a href=\"#\">\r\n\t\t\t\t\t\t\t\t\t<img decoding=\"async\" src=\"https:\/\/cnidelacosta.co\/wp-content\/uploads\/2024\/08\/36532-O0RSCI.jpg\" alt=\"service\"  \/>\t\t\t\t\t\t\t\t<\/a>\r\n\t\t\t\t\t\t\t<\/div>\r\n\t\t\t\t\t\t\t\t\t\t\t\t<div class=\"service-content service-custom2\">\r\n\t\t\t\t\t\t\t\t\t\t\t\t\t\t\t<div class=\"service-icon\">\r\n\t\t\t\t\t\t\t\t\t<img decoding=\"async\" src=\"https:\/\/wordpress.vecurosoft.com\/kiddino\/wp-content\/uploads\/2023\/08\/sr-1-3.svg\" alt=\"service\"  \/>\t\t\t\t\t\t\t\t<\/div>\r\n\t\t\t\t\t\t\t\r\n\t\t\t\t\t\t\t\t\t\t\t\t\t\t\t<h3 class=\"service-title\">\r\n\t\t\t\t\t\t\t\t\t<a href=\"#\">\r\n\t\t\t\t\t\t\t\t\t\tFonoaudiolog\u00eda\t\t\t\t\t\t\t\t\t<\/a>\r\n\t\t\t\t\t\t\t\t<\/h3>\r\n\t\t\t\t\t\t\t\r\n\t\t\t\t\t\t\t\t\t\t\t\t\t\t\t<p class=\"service-text\">\r\n\t\t\t\t\t\t\t\t\tPromueve la calidad de vida de los ni\u00f1os  mediante procesos de evaluaci\u00f3n e intervenci\u00f3n de sus ocupaciones en escuelas, juegos, actividades de la vida diaria, trabajo, ocio, sue\u00f1o y descanso.\t\t\t\t\t\t\t\t<\/p>\r\n\t\t\t\t\t\t\t\t\t\t\t\t\t\t\r\n\t\t\t\t\t\t\t\t\t\t\t\t\t<\/div>\r\n\t\t\t\t\t<\/div>\r\n\t\t\t\t<\/div>\r\n\t\t\t\t\t\t\t\t<div class=\"service-style1 col-xl-3\">\r\n\t\t\t\t\t<div class=\"service-body\">\r\n\t\t\t\t\t\t\t\t\t\t\t\t\t<div class=\"service-img\">\r\n\t\t\t\t\t\t\t\t<a href=\"#\">\r\n\t\t\t\t\t\t\t\t\t<img decoding=\"async\" src=\"https:\/\/cnidelacosta.co\/wp-content\/uploads\/2024\/08\/36532-O0RSCI.jpg\" alt=\"service\"  \/>\t\t\t\t\t\t\t\t<\/a>\r\n\t\t\t\t\t\t\t<\/div>\r\n\t\t\t\t\t\t\t\t\t\t\t\t<div class=\"service-content service-custom3\">\r\n\t\t\t\t\t\t\t\t\t\t\t\t\t\t\t<div class=\"service-icon\">\r\n\t\t\t\t\t\t\t\t\t<img decoding=\"async\" src=\"https:\/\/cnidelacosta.co\/wp-content\/uploads\/2023\/08\/sr-1-1.svg\" alt=\"service\"  \/>\t\t\t\t\t\t\t\t<\/div>\r\n\t\t\t\t\t\t\t\r\n\t\t\t\t\t\t\t\t\t\t\t\t\t\t\t<h3 class=\"service-title\">\r\n\t\t\t\t\t\t\t\t\t<a href=\"#\">\r\n\t\t\t\t\t\t\t\t\t\tPsicolog\u00eda\t\t\t\t\t\t\t\t\t<\/a>\r\n\t\t\t\t\t\t\t\t<\/h3>\r\n\t\t\t\t\t\t\t\r\n\t\t\t\t\t\t\t\t\t\t\t\t\t\t\t<p class=\"service-text\">\r\n\t\t\t\t\t\t\t\t\tSe enfoca en el estudio del comportamiento humano, las emociones y los procesos cognitivos que ocurren frente a distintas situaciones.\t\t\t\t\t\t\t\t<\/p>\r\n\t\t\t\t\t\t\t\t\t\t\t\t\t\t\r\n\t\t\t\t\t\t\t\t\t\t\t\t\t<\/div>\r\n\t\t\t\t\t<\/div>\r\n\t\t\t\t<\/div>\r\n\t\t\t\t\t\t\t<\/div>\r\n\t\t\t\t\t\t<\/div>\n\t\t\t\t<\/div>\n\t\t\t\t\t<\/div>\n\t\t\t\t<\/div>\n\t\t\t\t\t<\/div>\n\t\t\t\t<\/div>\n\t\t\t\t\t<\/div>\n\t\t\t\t<\/div>\n\t\t\t\t<\/div>\n\t\t\t\t\t<\/div>\n\t\t\t\t<\/div>\n\t\t\t\t<section class=\"elementor-section elementor-top-section elementor-element elementor-element-852184a elementor-section-full_width elementor-section-height-default elementor-section-height-default\" data-id=\"852184a\" data-element_type=\"section\" data-settings=\"{&quot;background_background&quot;:&quot;classic&quot;}\">\n\t\t\t\t\t\t<div class=\"elementor-container elementor-column-gap-no\">\n\t\t\t\t\t<div class=\"elementor-column elementor-col-100 elementor-top-column elementor-element elementor-element-bbebd27\" data-id=\"bbebd27\" data-element_type=\"column\">\n\t\t\t<div class=\"elementor-widget-wrap elementor-element-populated\">\n\t\t\t\t\t\t<section class=\"elementor-section elementor-inner-section elementor-element elementor-element-042d9c7 elementor-section-boxed elementor-section-height-default elementor-section-height-default\" data-id=\"042d9c7\" data-element_type=\"section\">\n\t\t\t\t\t\t<div class=\"elementor-container elementor-column-gap-no\">\n\t\t\t\t\t<div class=\"elementor-column elementor-col-25 elementor-inner-column elementor-element elementor-element-f3f6749\" data-id=\"f3f6749\" data-element_type=\"column\">\n\t\t\t<div class=\"elementor-widget-wrap elementor-element-populated\">\n\t\t\t\t\t\t<div class=\"elementor-element elementor-element-fe3fe21 elementor-widget elementor-widget-kiddinofeaturebox\" data-id=\"fe3fe21\" data-element_type=\"widget\" data-widget_type=\"kiddinofeaturebox.default\">\n\t\t\t\t<div class=\"elementor-widget-container\">\n\t\t\t\t\t\n        <div class=\"feature-style2\">\n\t\t\t    <div class=\"feature-img\">\n        <div class=\"vs-circle\"><\/div>\n        <img decoding=\"async\" src=\"https:\/\/cnidelacosta.co\/wp-content\/uploads\/2024\/08\/lindo-nino-sonriente-feliz-aislado-sobre-fondo-blanco-1-e1726765085925.png\" alt=\"icon\"  \/>    <\/div>\n        <\/div>\n\t\t\t\t\t<\/div>\n\t\t\t\t<\/div>\n\t\t\t\t\t<\/div>\n\t\t<\/div>\n\t\t\t\t<div class=\"elementor-column elementor-col-25 elementor-inner-column elementor-element elementor-element-336a2c7\" data-id=\"336a2c7\" data-element_type=\"column\">\n\t\t\t<div class=\"elementor-widget-wrap elementor-element-populated\">\n\t\t\t\t\t\t<div class=\"elementor-element elementor-element-ff92526 elementor-widget elementor-widget-kiddinofeaturebox\" data-id=\"ff92526\" data-element_type=\"widget\" data-widget_type=\"kiddinofeaturebox.default\">\n\t\t\t\t<div class=\"elementor-widget-container\">\n\t\t\t\t\t\n        <div class=\"feature-style2\">\n\t\t\t    <div class=\"feature-img\">\n        <div class=\"vs-circle\"><\/div>\n        <img decoding=\"async\" src=\"https:\/\/cnidelacosta.co\/wp-content\/uploads\/2024\/08\/nino-dibujos-animados-feliz-pie-e1726765217375.png\" alt=\"icon\"  \/>    <\/div>\n        <\/div>\n\t\t\t\t\t<\/div>\n\t\t\t\t<\/div>\n\t\t\t\t\t<\/div>\n\t\t<\/div>\n\t\t\t\t<div class=\"elementor-column elementor-col-25 elementor-inner-column elementor-element elementor-element-e365425\" data-id=\"e365425\" data-element_type=\"column\">\n\t\t\t<div class=\"elementor-widget-wrap elementor-element-populated\">\n\t\t\t\t\t\t<div class=\"elementor-element elementor-element-6d1a88e elementor-widget elementor-widget-kiddinofeaturebox\" data-id=\"6d1a88e\" data-element_type=\"widget\" data-widget_type=\"kiddinofeaturebox.default\">\n\t\t\t\t<div class=\"elementor-widget-container\">\n\t\t\t\t\t\n        <div class=\"feature-style2\">\n\t\t\t    <div class=\"feature-img\">\n        <div class=\"vs-circle\"><\/div>\n        <img decoding=\"async\" src=\"https:\/\/cnidelacosta.co\/wp-content\/uploads\/2024\/08\/lindo-nino-sonriente-feliz-aislado-blanco-1-e1726764938212.png\" alt=\"icon\"  \/>    <\/div>\n        <\/div>\n\t\t\t\t\t<\/div>\n\t\t\t\t<\/div>\n\t\t\t\t\t<\/div>\n\t\t<\/div>\n\t\t\t\t<div class=\"elementor-column elementor-col-25 elementor-inner-column elementor-element elementor-element-8f5d760\" data-id=\"8f5d760\" data-element_type=\"column\">\n\t\t\t<div class=\"elementor-widget-wrap elementor-element-populated\">\n\t\t\t\t\t\t<div class=\"elementor-element elementor-element-c364344 elementor-widget elementor-widget-kiddinofeaturebox\" data-id=\"c364344\" data-element_type=\"widget\" data-widget_type=\"kiddinofeaturebox.default\">\n\t\t\t\t<div class=\"elementor-widget-container\">\n\t\t\t\t\t\n        <div class=\"feature-style2\">\n\t\t\t    <div class=\"feature-img\">\n        <div class=\"vs-circle\"><\/div>\n        <img decoding=\"async\" src=\"https:\/\/cnidelacosta.co\/wp-content\/uploads\/2024\/08\/lindo-nino-sonriente-feliz-aislado-sobre-fondo-blanco-e1726765150757.png\" alt=\"icon\"  \/>    <\/div>\n        <\/div>\n\t\t\t\t\t<\/div>\n\t\t\t\t<\/div>\n\t\t\t\t\t<\/div>\n\t\t<\/div>\n\t\t\t\t\t<\/div>\n\t\t<\/section>\n\t\t\t\t\t<\/div>\n\t\t<\/div>\n\t\t\t\t\t<\/div>\n\t\t<\/section>\n\t\t\t\t<section class=\"elementor-section elementor-top-section elementor-element elementor-element-576e9e0 elementor-section-full_width elementor-section-height-default elementor-section-height-default\" data-id=\"576e9e0\" data-element_type=\"section\" data-settings=\"{&quot;background_background&quot;:&quot;classic&quot;}\">\n\t\t\t\t\t\t<div class=\"elementor-container elementor-column-gap-no\">\n\t\t\t\t\t<div class=\"elementor-column elementor-col-100 elementor-top-column elementor-element elementor-element-0b3a6df\" data-id=\"0b3a6df\" data-element_type=\"column\">\n\t\t\t<div class=\"elementor-widget-wrap elementor-element-populated\">\n\t\t\t\t\t\t<section class=\"elementor-section elementor-inner-section elementor-element elementor-element-225e50f elementor-section-content-middle elementor-reverse-tablet elementor-reverse-mobile elementor-section-boxed elementor-section-height-default elementor-section-height-default\" data-id=\"225e50f\" data-element_type=\"section\">\n\t\t\t\t\t\t<div class=\"elementor-container elementor-column-gap-no\">\n\t\t\t\t\t<div class=\"elementor-column elementor-col-100 elementor-inner-column elementor-element elementor-element-ce3b31c\" data-id=\"ce3b31c\" data-element_type=\"column\">\n\t\t\t<div class=\"elementor-widget-wrap\">\n\t\t\t\t\t\t\t<\/div>\n\t\t<\/div>\n\t\t\t\t\t<\/div>\n\t\t<\/section>\n\t\t\t\t\t<\/div>\n\t\t<\/div>\n\t\t\t\t\t<\/div>\n\t\t<\/section>\n\t\t\t\t<section class=\"elementor-section elementor-top-section elementor-element elementor-element-d65468b elementor-section-full_width elementor-section-height-default elementor-section-height-default\" data-id=\"d65468b\" data-element_type=\"section\" data-settings=\"{&quot;background_background&quot;:&quot;classic&quot;}\">\n\t\t\t\t\t\t<div class=\"elementor-container elementor-column-gap-no\">\n\t\t\t\t\t<div class=\"elementor-column elementor-col-100 elementor-top-column elementor-element elementor-element-99ff079\" data-id=\"99ff079\" data-element_type=\"column\">\n\t\t\t<div class=\"elementor-widget-wrap elementor-element-populated\">\n\t\t\t\t\t\t<section class=\"elementor-section elementor-inner-section elementor-element elementor-element-40e48e1 elementor-section-boxed elementor-section-height-default elementor-section-height-default\" data-id=\"40e48e1\" data-element_type=\"section\">\n\t\t\t\t\t\t<div class=\"elementor-container elementor-column-gap-no\">\n\t\t\t\t\t<div class=\"elementor-column elementor-col-100 elementor-inner-column elementor-element elementor-element-1c990d8\" data-id=\"1c990d8\" data-element_type=\"column\">\n\t\t\t<div class=\"elementor-widget-wrap elementor-element-populated\">\n\t\t\t\t\t\t<div class=\"elementor-element elementor-element-f7fe895 elementor-widget elementor-widget-kiddinocta\" data-id=\"f7fe895\" data-element_type=\"widget\" data-widget_type=\"kiddinocta.default\">\n\t\t\t\t<div class=\"elementor-widget-container\">\n\t\t\t\t\t\t\t\t<div class=\"cta-box1\">\n\t\t\t\t\t\n\t\t\t\t\t<h2 class=\"cta-title\">\n\t\t\t\t\t\t\u00bfDesde Que Edad Puedo Llevar A Mi Hijo\/A?\nDesde peque\u00f1os, un gran comienzo para su vida.\t\t\t\t\t<\/h2>\n\t\t\t\t\n\t\t\t\t\t\t\t\t<a class=\"vs-btn\" href=\"https:\/\/cnidelacosta.co\/index.php\/contact\/\">\n\t\t\t\t\t Cont\u00e1ctanos\t\t\t\t<\/a>\n\t\t\t<\/div>\n        \t\t\t\t<\/div>\n\t\t\t\t<\/div>\n\t\t\t\t\t<\/div>\n\t\t<\/div>\n\t\t\t\t\t<\/div>\n\t\t<\/section>\n\t\t\t\t\t<\/div>\n\t\t<\/div>\n\t\t\t\t\t<\/div>\n\t\t<\/section>\n\t\t\t\t<\/div>\n\t\t","protected":false},"excerpt":{"rendered":"<p>Servicios Neurolog\u00eda Infantil Se encarga de diagnosticar y tratar los problemas relacionados con el sistema nervioso desde el nacimiento hasta la adolescencia. Neuropsicologia Estudia la relaci\u00f3n entre las estructuras cerebrales, las funciones cognitivas y los procesos emocionales y de la conducta. Pediatr\u00eda Estudia el crecimiento, desarrollo y salud integral de los ni\u00f1os desde el nacimiento&#8230;<\/p>\n","protected":false},"author":1,"featured_media":0,"parent":0,"menu_order":0,"comment_status":"closed","ping_status":"closed","template":"elementor_header_footer","meta":{"om_disable_all_campaigns":false,"_monsterinsights_skip_tracking":false,"_monsterinsights_sitenote_active":false,"_monsterinsights_sitenote_note":"","_monsterinsights_sitenote_category":0,"footnotes":""},"class_list":["post-2870","page","type-page","status-publish","hentry"],"aioseo_notices":[],"_links":{"self":[{"href":"https:\/\/cnidelacosta.co\/index.php\/wp-json\/wp\/v2\/pages\/2870","targetHints":{"allow":["GET"]}}],"collection":[{"href":"https:\/\/cnidelacosta.co\/index.php\/wp-json\/wp\/v2\/pages"}],"about":[{"href":"https:\/\/cnidelacosta.co\/index.php\/wp-json\/wp\/v2\/types\/page"}],"author":[{"embeddable":true,"href":"https:\/\/cnidelacosta.co\/index.php\/wp-json\/wp\/v2\/users\/1"}],"replies":[{"embeddable":true,"href":"https:\/\/cnidelacosta.co\/index.php\/wp-json\/wp\/v2\/comments?post=2870"}],"version-history":[{"count":38,"href":"https:\/\/cnidelacosta.co\/index.php\/wp-json\/wp\/v2\/pages\/2870\/revisions"}],"predecessor-version":[{"id":4974,"href":"https:\/\/cnidelacosta.co\/index.php\/wp-json\/wp\/v2\/pages\/2870\/revisions\/4974"}],"wp:attachment":[{"href":"https:\/\/cnidelacosta.co\/index.php\/wp-json\/wp\/v2\/media?parent=2870"}],"curies":[{"name":"wp","href":"https:\/\/api.w.org\/{rel}","templated":true}]}}